{"id":178,"date":"2024-01-17T02:43:43","date_gmt":"2024-01-17T02:43:43","guid":{"rendered":"https:\/\/www.narastoria.com\/?page_id=178"},"modified":"2025-12-17T14:38:21","modified_gmt":"2025-12-17T14:38:21","slug":"politique-de-confidentialite","status":"publish","type":"page","link":"https:\/\/www.narastoria.com\/fr_fr\/politique-de-confidentialite\/","title":{"rendered":"Politique de confidentialit\u00e9"},"content":{"rendered":"\n<p>FR <strong>Politique de confidentialit\u00e9<\/strong><\/p>\n\n\n\n<p>Nous sommes engag\u00e9s \u00e0 prot\u00e9ger votre vie priv\u00e9e. Cette politique de confidentialit\u00e9 d\u00e9crit les informations que nous collectons et comment nous les utilisons.<\/p>\n\n\n\n<p><strong>Collecte d\u2019informations<\/strong><\/p>\n\n\n\n<p>Nous collectons des informations lorsque vous vous inscrivez sur notre site, vous vous abonnez \u00e0 notre newsletter ou remplissez un formulaire. Lorsque vous vous inscrivez ou vous abonnez sur notre site, le cas \u00e9ch\u00e9ant, vous pouvez \u00eatre invit\u00e9 \u00e0 entrer votre nom, votre adresse e-mail ou votre num\u00e9ro de t\u00e9l\u00e9phone. Vous pouvez toutefois visiter notre site (https:\/\/www.narastoria.com) de mani\u00e8re anonyme.<\/p>\n\n\n\n<p><strong>Utilisation des informations<\/strong><\/p>\n\n\n\n<p>Toutes les informations que nous collectons aupr\u00e8s de vous peuvent \u00eatre utilis\u00e9es de l\u2019une des mani\u00e8res suivantes :<\/p>\n\n\n\n<ul class=\"wp-block-list\">\n<li>Pour personnaliser votre exp\u00e9rience (vos informations nous aident \u00e0 mieux r\u00e9pondre \u00e0 vos besoins individuels)<\/li>\n\n\n\n<li>Pour am\u00e9liorer notre site web (nous nous effor\u00e7ons continuellement d\u2019am\u00e9liorer les offres de notre site web en fonction des informations et des commentaires que nous recevons de votre part)<\/li>\n\n\n\n<li>Pour am\u00e9liorer le service client\u00e8le (vos informations nous aident \u00e0 r\u00e9pondre plus efficacement \u00e0 vos demandes de service client\u00e8le et \u00e0 vos besoins de support)<\/li>\n\n\n\n<li>Pour envoyer des e-mails p\u00e9riodiques (l\u2019adresse e-mail que vous fournissez peut \u00eatre utilis\u00e9e pour vous envoyer des informations et des mises \u00e0 jour relatives \u00e0 votre commande, en plus de recevoir des nouvelles occasionnelles de l\u2019entreprise, des mises \u00e0 jour, des informations sur des produits ou des services connexes, etc.)<\/li>\n<\/ul>\n\n\n\n<p><strong>Protection des informations<\/strong><\/p>\n\n\n\n<p>Nous mettons en \u0153uvre une vari\u00e9t\u00e9 de mesures de s\u00e9curit\u00e9 pour pr\u00e9server la s\u00e9curit\u00e9 de vos informations personnelles. Nous utilisons un cryptage \u00e0 la pointe de la technologie pour prot\u00e9ger les informations sensibles transmises en ligne. Nous prot\u00e9geons \u00e9galement vos informations hors ligne. Seuls les employ\u00e9s qui ont besoin d\u2019effectuer un travail sp\u00e9cifique (par exemple, la facturation ou le service client\u00e8le) ont acc\u00e8s aux informations personnelles identifiables. Les ordinateurs et serveurs utilis\u00e9s pour stocker des informations personnelles identifiables sont conserv\u00e9s dans un environnement s\u00e9curis\u00e9.<\/p>\n\n\n\n<p><strong>Divulgation \u00e0 des tiers<\/strong><\/p>\n\n\n\n<p>Nous ne vendons, n\u2019\u00e9changeons ni ne transf\u00e9rons \u00e0 des tiers vos informations personnelles identifiables. Cela ne comprend pas les tierce parties de confiance qui nous aident \u00e0 exploiter notre site web ou \u00e0 mener nos affaires, tant que ces parties conviennent de garder ces informations confidentielles. Nous pouvons \u00e9galement divulguer vos informations lorsque nous pensons que la divulgation est appropri\u00e9e pour se conformer \u00e0 la loi, appliquer les politiques de notre site ou prot\u00e9ger nos droits, notre propri\u00e9t\u00e9 ou notre s\u00e9curit\u00e9.<\/p>\n\n\n\n<p><strong>Consentement<\/strong><\/p>\n\n\n\n<p>En utilisant notre site, vous consentez \u00e0 notre politique de confidentialit\u00e9.<\/p>\n\n\n\n<p><\/p>\n\n\n\n<p><\/p>\n\n\n\n<p>ENG <strong>Privacy Policy<\/strong><\/p>\n\n\n\n<p>We are committed to protecting your privacy. This privacy policy describes the information we collect and how we use it.<\/p>\n\n\n\n<p><strong>Information Collection<\/strong><\/p>\n\n\n\n<p>We collect information when you register on our site, subscribe to our newsletter, or fill out a form. When registering or subscribing on our site, as appropriate, you may be asked to enter your name, e-mail address, or phone number. However, you can visit our site anonymously.<\/p>\n\n\n\n<p><strong>Information Use<\/strong><\/p>\n\n\n\n<p>All information we collect from you may be used in one of the following ways:<\/p>\n\n\n\n<ul class=\"wp-block-list\">\n<li>To personalize your experience (your information helps us to better respond to your individual needs)<\/li>\n\n\n\n<li>To improve our website (we continually strive to improve our website offerings based on the information and feedback we receive from you)<\/li>\n\n\n\n<li>To improve customer service (your information helps us to more effectively respond to your customer service requests and support needs)<\/li>\n\n\n\n<li>To send periodic emails (the email address you provide may be used to send you information and updates pertaining to your order, in addition to receiving occasional company news, updates, related product or service information, etc.)<\/li>\n<\/ul>\n\n\n\n<p><strong>Information Protection<\/strong><\/p>\n\n\n\n<p>We implement a variety of security measures to maintain the safety of your personal information. We use cutting-edge encryption to protect sensitive information transmitted online. We also protect your information offline. Only employees who need to perform specific work (for example, billing or customer service) have access to personally identifiable information. Computers and servers used to store personally identifiable information are kept in a secure environment.<\/p>\n\n\n\n<p><strong>Disclosure to Third Parties<\/strong><\/p>\n\n\n\n<p>We do not sell, trade, or otherwise transfer to outside parties your personally identifiable information. This does not include trusted third parties who assist us in operating our website or conducting our business, so long as those parties agree to keep this information confidential. We may also release your information when we believe release is appropriate to.<\/p>\n","protected":false},"excerpt":{"rendered":"<p>FR Politique de confidentialit\u00e9 Nous sommes engag\u00e9s \u00e0 prot\u00e9ger votre vie priv\u00e9e. Cette politique de confidentialit\u00e9 d\u00e9crit les informations que nous collectons et comment nous les utilisons. Collecte d\u2019informations Nous collectons des informations lorsque vous vous inscrivez sur notre site, vous vous abonnez \u00e0 notre newsletter ou remplissez un formulaire. Lorsque vous vous inscrivez ou [&hellip;]<\/p>\n","protected":false},"author":1,"featured_media":0,"parent":0,"menu_order":0,"comment_status":"closed","ping_status":"closed","template":"elementor_header_footer","meta":{"footnotes":""},"class_list":["post-178","page","type-page","status-publish","hentry"],"yoast_head":"<!-- This site is optimized with the Yoast SEO plugin v27.5 - https:\/\/yoast.com\/product\/yoast-seo-wordpress\/ -->\n<title>Politique de confidentialit\u00e9 | Narastoria<\/title>\n<meta name=\"description\" content=\"Narastoria\" \/>\n<meta name=\"robots\" content=\"index, follow, max-snippet:-1, max-image-preview:large, max-video-preview:-1\" \/>\n<link rel=\"canonical\" href=\"https:\/\/www.narastoria.com\/fr_fr\/politique-de-confidentialite\/\" \/>\n<meta property=\"og:locale\" content=\"fr_FR\" \/>\n<meta property=\"og:type\" content=\"article\" \/>\n<meta property=\"og:title\" content=\"Politique de confidentialit\u00e9 | Narastoria\" \/>\n<meta property=\"og:description\" content=\"Narastoria\" \/>\n<meta property=\"og:url\" content=\"https:\/\/www.narastoria.com\/fr_fr\/politique-de-confidentialite\/\" \/>\n<meta property=\"og:site_name\" content=\"Narastoria\" \/>\n<meta property=\"article:modified_time\" content=\"2025-12-17T14:38:21+00:00\" \/>\n<meta name=\"twitter:card\" content=\"summary_large_image\" \/>\n<meta name=\"twitter:label1\" content=\"Dur\u00e9e de lecture estim\u00e9e\" \/>\n\t<meta name=\"twitter:data1\" content=\"4 minutes\" \/>\n<script type=\"application\/ld+json\" class=\"yoast-schema-graph\">{\"@context\":\"https:\\\/\\\/schema.org\",\"@graph\":[{\"@type\":\"WebPage\",\"@id\":\"https:\\\/\\\/www.narastoria.com\\\/politique-de-confidentialite\\\/\",\"url\":\"https:\\\/\\\/www.narastoria.com\\\/politique-de-confidentialite\\\/\",\"name\":\"Politique de confidentialit\u00e9 | Narastoria\",\"isPartOf\":{\"@id\":\"https:\\\/\\\/www.narastoria.com\\\/#website\"},\"datePublished\":\"2024-01-17T02:43:43+00:00\",\"dateModified\":\"2025-12-17T14:38:21+00:00\",\"description\":\"Narastoria\",\"breadcrumb\":{\"@id\":\"https:\\\/\\\/www.narastoria.com\\\/politique-de-confidentialite\\\/#breadcrumb\"},\"inLanguage\":\"fr-FR\",\"potentialAction\":[{\"@type\":\"ReadAction\",\"target\":[\"https:\\\/\\\/www.narastoria.com\\\/politique-de-confidentialite\\\/\"]}]},{\"@type\":\"BreadcrumbList\",\"@id\":\"https:\\\/\\\/www.narastoria.com\\\/politique-de-confidentialite\\\/#breadcrumb\",\"itemListElement\":[{\"@type\":\"ListItem\",\"position\":1,\"name\":\"Accueil\",\"item\":\"https:\\\/\\\/www.narastoria.com\\\/\"},{\"@type\":\"ListItem\",\"position\":2,\"name\":\"Politique de confidentialit\u00e9\"}]},{\"@type\":\"WebSite\",\"@id\":\"https:\\\/\\\/www.narastoria.com\\\/#website\",\"url\":\"https:\\\/\\\/www.narastoria.com\\\/\",\"name\":\"Narastoria | R\u00e9f\u00e9rencement Podcast PSO (Podcast Search Optimization) | Podcasts Multilingues\",\"description\":\"R\u00e9f\u00e9rencement de Podcasts PSO et R\u00e9alisation de Podcasts Multilingues\",\"publisher\":{\"@id\":\"https:\\\/\\\/www.narastoria.com\\\/#organization\"},\"potentialAction\":[{\"@type\":\"SearchAction\",\"target\":{\"@type\":\"EntryPoint\",\"urlTemplate\":\"https:\\\/\\\/www.narastoria.com\\\/?s={search_term_string}\"},\"query-input\":{\"@type\":\"PropertyValueSpecification\",\"valueRequired\":true,\"valueName\":\"search_term_string\"}}],\"inLanguage\":\"fr-FR\"},{\"@type\":\"Organization\",\"@id\":\"https:\\\/\\\/www.narastoria.com\\\/#organization\",\"name\":\"Narastoria\",\"alternateName\":\"Nara\",\"url\":\"https:\\\/\\\/www.narastoria.com\\\/\",\"logo\":{\"@type\":\"ImageObject\",\"inLanguage\":\"fr-FR\",\"@id\":\"https:\\\/\\\/www.narastoria.com\\\/#\\\/schema\\\/logo\\\/image\\\/\",\"url\":\"https:\\\/\\\/www.narastoria.com\\\/wp-content\\\/uploads\\\/2025\\\/07\\\/Narastoria-Face-Typo.png\",\"contentUrl\":\"https:\\\/\\\/www.narastoria.com\\\/wp-content\\\/uploads\\\/2025\\\/07\\\/Narastoria-Face-Typo.png\",\"width\":2080,\"height\":1100,\"caption\":\"Narastoria\"},\"image\":{\"@id\":\"https:\\\/\\\/www.narastoria.com\\\/#\\\/schema\\\/logo\\\/image\\\/\"},\"sameAs\":[\"https:\\\/\\\/www.instagram.com\\\/narastoria\\\/\"]}]}<\/script>\n<!-- \/ Yoast SEO plugin. -->","yoast_head_json":{"title":"Politique de confidentialit\u00e9 | Narastoria","description":"Narastoria","robots":{"index":"index","follow":"follow","max-snippet":"max-snippet:-1","max-image-preview":"max-image-preview:large","max-video-preview":"max-video-preview:-1"},"canonical":"https:\/\/www.narastoria.com\/fr_fr\/politique-de-confidentialite\/","og_locale":"fr_FR","og_type":"article","og_title":"Politique de confidentialit\u00e9 | Narastoria","og_description":"Narastoria","og_url":"https:\/\/www.narastoria.com\/fr_fr\/politique-de-confidentialite\/","og_site_name":"Narastoria","article_modified_time":"2025-12-17T14:38:21+00:00","twitter_card":"summary_large_image","twitter_misc":{"Dur\u00e9e de lecture estim\u00e9e":"4 minutes"},"schema":{"@context":"https:\/\/schema.org","@graph":[{"@type":"WebPage","@id":"https:\/\/www.narastoria.com\/politique-de-confidentialite\/","url":"https:\/\/www.narastoria.com\/politique-de-confidentialite\/","name":"Politique de confidentialit\u00e9 | Narastoria","isPartOf":{"@id":"https:\/\/www.narastoria.com\/#website"},"datePublished":"2024-01-17T02:43:43+00:00","dateModified":"2025-12-17T14:38:21+00:00","description":"Narastoria","breadcrumb":{"@id":"https:\/\/www.narastoria.com\/politique-de-confidentialite\/#breadcrumb"},"inLanguage":"fr-FR","potentialAction":[{"@type":"ReadAction","target":["https:\/\/www.narastoria.com\/politique-de-confidentialite\/"]}]},{"@type":"BreadcrumbList","@id":"https:\/\/www.narastoria.com\/politique-de-confidentialite\/#breadcrumb","itemListElement":[{"@type":"ListItem","position":1,"name":"Accueil","item":"https:\/\/www.narastoria.com\/"},{"@type":"ListItem","position":2,"name":"Politique de confidentialit\u00e9"}]},{"@type":"WebSite","@id":"https:\/\/www.narastoria.com\/#website","url":"https:\/\/www.narastoria.com\/","name":"Narastoria | R\u00e9f\u00e9rencement Podcast PSO (Podcast Search Optimization) | Podcasts Multilingues","description":"R\u00e9f\u00e9rencement de Podcasts PSO et R\u00e9alisation de Podcasts Multilingues","publisher":{"@id":"https:\/\/www.narastoria.com\/#organization"},"potentialAction":[{"@type":"SearchAction","target":{"@type":"EntryPoint","urlTemplate":"https:\/\/www.narastoria.com\/?s={search_term_string}"},"query-input":{"@type":"PropertyValueSpecification","valueRequired":true,"valueName":"search_term_string"}}],"inLanguage":"fr-FR"},{"@type":"Organization","@id":"https:\/\/www.narastoria.com\/#organization","name":"Narastoria","alternateName":"Nara","url":"https:\/\/www.narastoria.com\/","logo":{"@type":"ImageObject","inLanguage":"fr-FR","@id":"https:\/\/www.narastoria.com\/#\/schema\/logo\/image\/","url":"https:\/\/www.narastoria.com\/wp-content\/uploads\/2025\/07\/Narastoria-Face-Typo.png","contentUrl":"https:\/\/www.narastoria.com\/wp-content\/uploads\/2025\/07\/Narastoria-Face-Typo.png","width":2080,"height":1100,"caption":"Narastoria"},"image":{"@id":"https:\/\/www.narastoria.com\/#\/schema\/logo\/image\/"},"sameAs":["https:\/\/www.instagram.com\/narastoria\/"]}]}},"jetpack_sharing_enabled":true,"_links":{"self":[{"href":"https:\/\/www.narastoria.com\/fr_fr\/wp-json\/wp\/v2\/pages\/178","targetHints":{"allow":["GET"]}}],"collection":[{"href":"https:\/\/www.narastoria.com\/fr_fr\/wp-json\/wp\/v2\/pages"}],"about":[{"href":"https:\/\/www.narastoria.com\/fr_fr\/wp-json\/wp\/v2\/types\/page"}],"author":[{"embeddable":true,"href":"https:\/\/www.narastoria.com\/fr_fr\/wp-json\/wp\/v2\/users\/1"}],"replies":[{"embeddable":true,"href":"https:\/\/www.narastoria.com\/fr_fr\/wp-json\/wp\/v2\/comments?post=178"}],"version-history":[{"count":1,"href":"https:\/\/www.narastoria.com\/fr_fr\/wp-json\/wp\/v2\/pages\/178\/revisions"}],"predecessor-version":[{"id":193,"href":"https:\/\/www.narastoria.com\/fr_fr\/wp-json\/wp\/v2\/pages\/178\/revisions\/193"}],"wp:attachment":[{"href":"https:\/\/www.narastoria.com\/fr_fr\/wp-json\/wp\/v2\/media?parent=178"}],"curies":[{"name":"wp","href":"https:\/\/api.w.org\/{rel}","templated":true}]}}