{"id":345,"date":"2024-05-18T10:57:14","date_gmt":"2024-05-18T10:57:14","guid":{"rendered":"https:\/\/www.narastoria.com\/shop\/"},"modified":"2025-12-17T14:37:51","modified_gmt":"2025-12-17T14:37:51","slug":"boutique","status":"publish","type":"page","link":"https:\/\/www.narastoria.com\/fr_fr\/boutique\/","title":{"rendered":"Boutique"},"content":{"rendered":"","protected":false},"excerpt":{"rendered":"","protected":false},"author":1,"featured_media":0,"parent":0,"menu_order":0,"comment_status":"closed","ping_status":"closed","template":"elementor_header_footer","meta":{"footnotes":""},"class_list":["post-345","page","type-page","status-publish","hentry"],"yoast_head":"<!-- This site is optimized with the Yoast SEO plugin v27.5 - https:\/\/yoast.com\/product\/yoast-seo-wordpress\/ -->\n<title>Boutique | Narastoria<\/title>\n<meta name=\"description\" content=\"Narastoria\" \/>\n<meta name=\"robots\" content=\"index, follow, max-snippet:-1, max-image-preview:large, max-video-preview:-1\" \/>\n<link rel=\"canonical\" href=\"https:\/\/www.narastoria.com\/fr_fr\/boutique\/\" \/>\n<meta property=\"og:locale\" content=\"fr_FR\" \/>\n<meta property=\"og:type\" content=\"article\" \/>\n<meta property=\"og:title\" content=\"Boutique | Narastoria\" \/>\n<meta property=\"og:description\" content=\"Narastoria\" \/>\n<meta property=\"og:url\" content=\"https:\/\/www.narastoria.com\/fr_fr\/boutique\/\" \/>\n<meta property=\"og:site_name\" content=\"Narastoria\" \/>\n<meta property=\"article:modified_time\" content=\"2025-12-17T14:37:51+00:00\" \/>\n<meta name=\"twitter:card\" content=\"summary_large_image\" \/>\n<script type=\"application\/ld+json\" class=\"yoast-schema-graph\">{\"@context\":\"https:\\\/\\\/schema.org\",\"@graph\":[{\"@type\":\"WebPage\",\"@id\":\"https:\\\/\\\/www.narastoria.com\\\/boutique\\\/\",\"url\":\"https:\\\/\\\/www.narastoria.com\\\/boutique\\\/\",\"name\":\"Boutique | Narastoria\",\"isPartOf\":{\"@id\":\"https:\\\/\\\/www.narastoria.com\\\/#website\"},\"datePublished\":\"2024-05-18T10:57:14+00:00\",\"dateModified\":\"2025-12-17T14:37:51+00:00\",\"description\":\"Narastoria\",\"breadcrumb\":{\"@id\":\"https:\\\/\\\/www.narastoria.com\\\/boutique\\\/#breadcrumb\"},\"inLanguage\":\"fr-FR\",\"potentialAction\":[{\"@type\":\"ReadAction\",\"target\":[\"https:\\\/\\\/www.narastoria.com\\\/boutique\\\/\"]}]},{\"@type\":\"BreadcrumbList\",\"@id\":\"https:\\\/\\\/www.narastoria.com\\\/boutique\\\/#breadcrumb\",\"itemListElement\":[{\"@type\":\"ListItem\",\"position\":1,\"name\":\"Accueil\",\"item\":\"https:\\\/\\\/www.narastoria.com\\\/\"},{\"@type\":\"ListItem\",\"position\":2,\"name\":\"Boutique\"}]},{\"@type\":\"WebSite\",\"@id\":\"https:\\\/\\\/www.narastoria.com\\\/#website\",\"url\":\"https:\\\/\\\/www.narastoria.com\\\/\",\"name\":\"Narastoria | R\u00e9f\u00e9rencement Podcast PSO (Podcast Search Optimization) | Podcasts Multilingues\",\"description\":\"R\u00e9f\u00e9rencement de Podcasts PSO et R\u00e9alisation de Podcasts Multilingues\",\"publisher\":{\"@id\":\"https:\\\/\\\/www.narastoria.com\\\/#organization\"},\"potentialAction\":[{\"@type\":\"SearchAction\",\"target\":{\"@type\":\"EntryPoint\",\"urlTemplate\":\"https:\\\/\\\/www.narastoria.com\\\/?s={search_term_string}\"},\"query-input\":{\"@type\":\"PropertyValueSpecification\",\"valueRequired\":true,\"valueName\":\"search_term_string\"}}],\"inLanguage\":\"fr-FR\"},{\"@type\":\"Organization\",\"@id\":\"https:\\\/\\\/www.narastoria.com\\\/#organization\",\"name\":\"Narastoria\",\"alternateName\":\"Nara\",\"url\":\"https:\\\/\\\/www.narastoria.com\\\/\",\"logo\":{\"@type\":\"ImageObject\",\"inLanguage\":\"fr-FR\",\"@id\":\"https:\\\/\\\/www.narastoria.com\\\/#\\\/schema\\\/logo\\\/image\\\/\",\"url\":\"https:\\\/\\\/www.narastoria.com\\\/wp-content\\\/uploads\\\/2025\\\/07\\\/Narastoria-Face-Typo.png\",\"contentUrl\":\"https:\\\/\\\/www.narastoria.com\\\/wp-content\\\/uploads\\\/2025\\\/07\\\/Narastoria-Face-Typo.png\",\"width\":2080,\"height\":1100,\"caption\":\"Narastoria\"},\"image\":{\"@id\":\"https:\\\/\\\/www.narastoria.com\\\/#\\\/schema\\\/logo\\\/image\\\/\"},\"sameAs\":[\"https:\\\/\\\/www.instagram.com\\\/narastoria\\\/\"]}]}<\/script>\n<!-- \/ Yoast SEO plugin. -->","yoast_head_json":{"title":"Boutique | Narastoria","description":"Narastoria","robots":{"index":"index","follow":"follow","max-snippet":"max-snippet:-1","max-image-preview":"max-image-preview:large","max-video-preview":"max-video-preview:-1"},"canonical":"https:\/\/www.narastoria.com\/fr_fr\/boutique\/","og_locale":"fr_FR","og_type":"article","og_title":"Boutique | Narastoria","og_description":"Narastoria","og_url":"https:\/\/www.narastoria.com\/fr_fr\/boutique\/","og_site_name":"Narastoria","article_modified_time":"2025-12-17T14:37:51+00:00","twitter_card":"summary_large_image","schema":{"@context":"https:\/\/schema.org","@graph":[{"@type":"WebPage","@id":"https:\/\/www.narastoria.com\/boutique\/","url":"https:\/\/www.narastoria.com\/boutique\/","name":"Boutique | Narastoria","isPartOf":{"@id":"https:\/\/www.narastoria.com\/#website"},"datePublished":"2024-05-18T10:57:14+00:00","dateModified":"2025-12-17T14:37:51+00:00","description":"Narastoria","breadcrumb":{"@id":"https:\/\/www.narastoria.com\/boutique\/#breadcrumb"},"inLanguage":"fr-FR","potentialAction":[{"@type":"ReadAction","target":["https:\/\/www.narastoria.com\/boutique\/"]}]},{"@type":"BreadcrumbList","@id":"https:\/\/www.narastoria.com\/boutique\/#breadcrumb","itemListElement":[{"@type":"ListItem","position":1,"name":"Accueil","item":"https:\/\/www.narastoria.com\/"},{"@type":"ListItem","position":2,"name":"Boutique"}]},{"@type":"WebSite","@id":"https:\/\/www.narastoria.com\/#website","url":"https:\/\/www.narastoria.com\/","name":"Narastoria | R\u00e9f\u00e9rencement Podcast PSO (Podcast Search Optimization) | Podcasts Multilingues","description":"R\u00e9f\u00e9rencement de Podcasts PSO et R\u00e9alisation de Podcasts Multilingues","publisher":{"@id":"https:\/\/www.narastoria.com\/#organization"},"potentialAction":[{"@type":"SearchAction","target":{"@type":"EntryPoint","urlTemplate":"https:\/\/www.narastoria.com\/?s={search_term_string}"},"query-input":{"@type":"PropertyValueSpecification","valueRequired":true,"valueName":"search_term_string"}}],"inLanguage":"fr-FR"},{"@type":"Organization","@id":"https:\/\/www.narastoria.com\/#organization","name":"Narastoria","alternateName":"Nara","url":"https:\/\/www.narastoria.com\/","logo":{"@type":"ImageObject","inLanguage":"fr-FR","@id":"https:\/\/www.narastoria.com\/#\/schema\/logo\/image\/","url":"https:\/\/www.narastoria.com\/wp-content\/uploads\/2025\/07\/Narastoria-Face-Typo.png","contentUrl":"https:\/\/www.narastoria.com\/wp-content\/uploads\/2025\/07\/Narastoria-Face-Typo.png","width":2080,"height":1100,"caption":"Narastoria"},"image":{"@id":"https:\/\/www.narastoria.com\/#\/schema\/logo\/image\/"},"sameAs":["https:\/\/www.instagram.com\/narastoria\/"]}]}},"jetpack_sharing_enabled":true,"_links":{"self":[{"href":"https:\/\/www.narastoria.com\/fr_fr\/wp-json\/wp\/v2\/pages\/345","targetHints":{"allow":["GET"]}}],"collection":[{"href":"https:\/\/www.narastoria.com\/fr_fr\/wp-json\/wp\/v2\/pages"}],"about":[{"href":"https:\/\/www.narastoria.com\/fr_fr\/wp-json\/wp\/v2\/types\/page"}],"author":[{"embeddable":true,"href":"https:\/\/www.narastoria.com\/fr_fr\/wp-json\/wp\/v2\/users\/1"}],"replies":[{"embeddable":true,"href":"https:\/\/www.narastoria.com\/fr_fr\/wp-json\/wp\/v2\/comments?post=345"}],"version-history":[{"count":1,"href":"https:\/\/www.narastoria.com\/fr_fr\/wp-json\/wp\/v2\/pages\/345\/revisions"}],"predecessor-version":[{"id":25271,"href":"https:\/\/www.narastoria.com\/fr_fr\/wp-json\/wp\/v2\/pages\/345\/revisions\/25271"}],"wp:attachment":[{"href":"https:\/\/www.narastoria.com\/fr_fr\/wp-json\/wp\/v2\/media?parent=345"}],"curies":[{"name":"wp","href":"https:\/\/api.w.org\/{rel}","templated":true}]}}